{"id":954,"date":"2025-03-07T16:27:30","date_gmt":"2025-03-07T15:27:30","guid":{"rendered":"https:\/\/clinicadelpino.com\/?page_id=954"},"modified":"2025-03-07T16:30:01","modified_gmt":"2025-03-07T15:30:01","slug":"laccessibilite","status":"publish","type":"page","link":"https:\/\/clinicadelpino.com\/fr\/laccessibilite\/","title":{"rendered":"Accessibilit\u00e9"},"content":{"rendered":"<div data-elementor-type=\"wp-page\" data-elementor-id=\"954\" class=\"elementor elementor-954\" data-elementor-post-type=\"page\">\n\t\t\t\t\t\t<section class=\"elementor-section elementor-top-section elementor-element elementor-element-aae2388 espinf espsup elementor-section-boxed elementor-section-height-default elementor-section-height-default\" data-id=\"aae2388\" data-element_type=\"section\" data-e-type=\"section\">\n\t\t\t\t\t\t<div class=\"elementor-container elementor-column-gap-default\">\n\t\t\t\t\t<div class=\"elementor-column elementor-col-100 elementor-top-column elementor-element elementor-element-ee8bab8\" data-id=\"ee8bab8\" data-element_type=\"column\" data-e-type=\"column\">\n\t\t\t<div class=\"elementor-widget-wrap elementor-element-populated\">\n\t\t\t\t\t\t<div class=\"elementor-element elementor-element-3a3f54f elementor-widget elementor-widget-heading\" data-id=\"3a3f54f\" data-element_type=\"widget\" data-e-type=\"widget\" data-widget_type=\"heading.default\">\n\t\t\t\t<div class=\"elementor-widget-container\">\n\t\t\t\t\t<h1 class=\"elementor-heading-title elementor-size-default\">ACCESSIBILIT\u00c9<\/h1>\t\t\t\t<\/div>\n\t\t\t\t<\/div>\n\t\t\t\t<div class=\"elementor-element elementor-element-c4b3f62 elementor-widget__width-initial elementor-widget elementor-widget-text-editor\" data-id=\"c4b3f62\" data-element_type=\"widget\" data-e-type=\"widget\" data-widget_type=\"text-editor.default\">\n\t\t\t\t<div class=\"elementor-widget-container\">\n\t\t\t\t\t\t\t\t\t<p>DENTAL DEL PINO S s'engage \u00e0 rendre son site web accessible conform\u00e9ment \u00e0 la directive sur l'acc\u00e8s \u00e0 l'information.<strong>\u00a0<a href=\"http:\/\/www.boe.es\/diario_boe\/txt.php?id=BOE-A-2018-12699\" target=\"_blank\" rel=\"noreferrer noopener\">Arr\u00eat\u00e9 royal 1112\/2018 du 7 septembre sur l'accessibilit\u00e9 des sites web et des applications du secteur public pour les appareils mobiles.<\/a><\/strong><\/p><p>La pr\u00e9sente d\u00e9claration d'accessibilit\u00e9 s'applique au site web https:\/\/clinicadelpino.com\/.<\/p><h4>\u00c9tat de conformit\u00e9<\/h4><p>Ce site web est partiellement conforme au RD 1112\/2018 en raison des exceptions et de la non-conformit\u00e9 des aspects \u00e9num\u00e9r\u00e9s ci-dessous.<\/p><h4>Contenu non accessible<\/h4><p>Le contenu ci-dessous n'est pas accessible pour les raisons suivantes :<\/p><h5>Non-conformit\u00e9 avec le RD 1112\/2018<\/h5><p>Il est possible que certains aspects du contraste ne respectent pas le minimum requis de 3:1 par rapport aux couleurs d'arri\u00e8re-plan adjacentes de la section web en question (9.1.4.11 Contraste non textuel).<\/p><p>Il est possible que certains \u00e9l\u00e9ments non textuels ne soient pas \u00e9tiquet\u00e9s correctement (9.2.5.3 Tag dans le nom).<\/p><p>Il se peut que certains textes dans une autre langue ne soient pas \u00e9tiquet\u00e9s correctement (9.3.1.2 Langue des pi\u00e8ces).<\/p><p>Il peut y avoir des erreurs occasionnelles d'\u00e9dition de code sur certaines pages web (9.4.1.1 Traitement).<\/p><p>Il peut y avoir des logos et des images avec un texte alternatif incorrect, ainsi que des images sans description textuelle (9.1.1.1 Contenu non textuel).<\/p><p>Il peut y avoir des liens dont la fonction n'est pas correctement identifi\u00e9e (9.2.4.4 Objet des liens).<\/p><p>Il peut y avoir des informations ou des relations qui ne peuvent pas \u00eatre d\u00e9termin\u00e9es de mani\u00e8re programmatique ou qui ne sont pas disponibles dans le texte (9.1.3.1 Informations et relations).<\/p><p>Des \u00e9l\u00e9ments sans balises de d\u00e9but et\/ou de fin compl\u00e8tes, des \u00e9l\u00e9ments avec des attributs en double ou sans identifiant unique peuvent exister dans le contenu mis en \u0153uvre par les langages de balisage (9.4.1.1 Traitement).<\/p><h5>Charge disproportionn\u00e9e<\/h5><p>Sans objet.<\/p><h5>Le contenu n'entre pas dans le champ d'application de la l\u00e9gislation applicable.<\/h5><p>Il se peut que des fichiers bureautiques au format PDF ou dans d'autres formats publi\u00e9s avant le 20 septembre 2018 ne soient pas enti\u00e8rement conformes \u00e0 toutes les exigences en mati\u00e8re d'accessibilit\u00e9. Toutefois, des efforts ont \u00e9t\u00e9 faits pour s'assurer que la plupart d'entre eux le sont.<\/p><h5>Pr\u00e9paration de la pr\u00e9sente d\u00e9claration d'accessibilit\u00e9<\/h5><p>Cette d\u00e9claration a \u00e9t\u00e9 pr\u00e9par\u00e9e le 2 d\u00e9cembre 2024.<\/p><p>La m\u00e9thode utilis\u00e9e pour pr\u00e9parer la d\u00e9claration \u00e9tait une auto-\u00e9valuation r\u00e9alis\u00e9e par l'entit\u00e9 elle-m\u00eame.<\/p><p>Derni\u00e8re r\u00e9vision de la d\u00e9claration : 2 d\u00e9cembre 2024.<\/p><h5>Remarques et coordonn\u00e9es<\/h5><p>Vous pouvez faire des communications sur les exigences d'accessibilit\u00e9 (article 10.2.a du RD 1112\/2018) par le biais du formulaire de contact de ce site web disponible \u00e0 l'adresse suivante : https:\/\/clinicadelpino.com\/contacto<\/p><p>Par exemple :<\/p><ul class=\"wp-block-list\"><li>Pour signaler tout manquement \u00e9ventuel \u00e0 la r\u00e9glementation de ce site web.<\/li><li>Transmettre d'autres difficult\u00e9s d'acc\u00e8s au contenu.<\/li><li>de formuler toute autre demande ou suggestion d'am\u00e9lioration concernant l'accessibilit\u00e9 du site web.<\/li><\/ul><p>Vous pouvez \u00e9galement soumettre votre candidature :<\/p><ul class=\"wp-block-list\"><li>Plainte concernant le respect des exigences du RD 1112\/2018 Demande d'informations accessibles concernant :<ul class=\"wp-block-list\"><li>Contenu exclu du champ d'application du RD 1112\/2018 conform\u00e9ment \u00e0 l'article 3, paragraphe 4.<\/li><li>Contenu qui est exempt\u00e9 des exigences d'accessibilit\u00e9 parce qu'il impose une charge disproportionn\u00e9e.<\/li><\/ul><\/li><\/ul><p>Dans la demande d'informations accessibles, les faits, les raisons et la demande doivent \u00eatre clairement \u00e9nonc\u00e9s afin d'\u00e9tablir que la demande est raisonnable et l\u00e9gitime.<\/p><p>Les plaintes et r\u00e9clamations concernant l'accessibilit\u00e9 des informations doivent \u00eatre adress\u00e9es au moyen du formulaire de contact de ce site web, disponible \u00e0 l'adresse suivante : https:\/\/clinicadelpino.com\/contacto.<\/p><h5>Contenu optionnel<\/h5><p>Ce site web est con\u00e7u pour \u00eatre r\u00e9actif afin de pouvoir \u00eatre visualis\u00e9 correctement sur des appareils tels que les tablettes et les appareils mobiles.<\/p><p>Il est \u00e9galement con\u00e7u pour pouvoir modifier la taille du texte \u00e0 l'aide des menus d\u00e9finis \u00e0 cet effet en fonction du navigateur utilis\u00e9.\u00a0<\/p><p>Il est \u00e9galement possible d'utiliser les raccourcis clavier suivants en appuyant sur les deux touches en m\u00eame temps :<\/p><ul class=\"wp-block-list\"><li>Ctrl + : zoom avant.<\/li><li>Ctrl - : la diminuer.<\/li><li>Ctrl 0 : r\u00e9tablir la taille d'origine.<\/li><\/ul><p>De m\u00eame, si l'utilisateur ne dispose pas d'une souris, il peut se d\u00e9placer dans les diff\u00e9rents \u00e9l\u00e9ments de la page qu'il visite \u00e0 l'aide du clavier, gr\u00e2ce \u00e0 la touche de tabulation.<\/p>\t\t\t\t\t\t\t\t<\/div>\n\t\t\t\t<\/div>\n\t\t\t\t\t<\/div>\n\t\t<\/div>\n\t\t\t\t\t<\/div>\n\t\t<\/section>\n\t\t\t\t<\/div>","protected":false},"excerpt":{"rendered":"<p>ACCESIBILIDAD DENTAL DEL PINO S se ha comprometido a hacer accesible su sitio web de conformidad con el\u00a0Real Decreto 1112\/2018, [&hellip;]<\/p>\n","protected":false},"author":1,"featured_media":0,"parent":0,"menu_order":0,"comment_status":"closed","ping_status":"closed","template":"","meta":{"site-sidebar-layout":"no-sidebar","site-content-layout":"","ast-site-content-layout":"full-width-container","site-content-style":"default","site-sidebar-style":"default","ast-global-header-display":"","ast-banner-title-visibility":"","ast-main-header-display":"","ast-hfb-above-header-display":"","ast-hfb-below-header-display":"","ast-hfb-mobile-header-display":"","site-post-title":"disabled","ast-breadcrumbs-content":"","ast-featured-img":"disabled","footer-sml-layout":"","ast-disable-related-posts":"","theme-transparent-header-meta":"","adv-header-id-meta":"","stick-header-meta":"","header-above-stick-meta":"","header-main-stick-meta":"","header-below-stick-meta":"","astra-migrate-meta-layouts":"default","ast-page-background-enabled":"default","ast-page-background-meta":{"desktop":{"background-color":"var(--ast-global-color-4)","background-image":"","background-repeat":"repeat","background-position":"center center","background-size":"auto","background-attachment":"scroll","background-type":"","background-media":"","overlay-type":"","overlay-color":"","overlay-opacity":"","overlay-gradient":""},"tablet":{"background-color":"","background-image":"","background-repeat":"repeat","background-position":"center center","background-size":"auto","background-attachment":"scroll","background-type":"","background-media":"","overlay-type":"","overlay-color":"","overlay-opacity":"","overlay-gradient":""},"mobile":{"background-color":"","background-image":"","background-repeat":"repeat","background-position":"center center","background-size":"auto","background-attachment":"scroll","background-type":"","background-media":"","overlay-type":"","overlay-color":"","overlay-opacity":"","overlay-gradient":""}},"ast-content-background-meta":{"desktop":{"background-color":"var(--ast-global-color-5)","background-image":"","background-repeat":"repeat","background-position":"center center","background-size":"auto","background-attachment":"scroll","background-type":"","background-media":"","overlay-type":"","overlay-color":"","overlay-opacity":"","overlay-gradient":""},"tablet":{"background-color":"var(--ast-global-color-5)","background-image":"","background-repeat":"repeat","background-position":"center center","background-size":"auto","background-attachment":"scroll","background-type":"","background-media":"","overlay-type":"","overlay-color":"","overlay-opacity":"","overlay-gradient":""},"mobile":{"background-color":"var(--ast-global-color-5)","background-image":"","background-repeat":"repeat","background-position":"center center","background-size":"auto","background-attachment":"scroll","background-type":"","background-media":"","overlay-type":"","overlay-color":"","overlay-opacity":"","overlay-gradient":""}},"_joinchat":[],"footnotes":""},"class_list":["post-954","page","type-page","status-publish","hentry"],"_links":{"self":[{"href":"https:\/\/clinicadelpino.com\/fr\/wp-json\/wp\/v2\/pages\/954","targetHints":{"allow":["GET"]}}],"collection":[{"href":"https:\/\/clinicadelpino.com\/fr\/wp-json\/wp\/v2\/pages"}],"about":[{"href":"https:\/\/clinicadelpino.com\/fr\/wp-json\/wp\/v2\/types\/page"}],"author":[{"embeddable":true,"href":"https:\/\/clinicadelpino.com\/fr\/wp-json\/wp\/v2\/users\/1"}],"replies":[{"embeddable":true,"href":"https:\/\/clinicadelpino.com\/fr\/wp-json\/wp\/v2\/comments?post=954"}],"version-history":[{"count":3,"href":"https:\/\/clinicadelpino.com\/fr\/wp-json\/wp\/v2\/pages\/954\/revisions"}],"predecessor-version":[{"id":957,"href":"https:\/\/clinicadelpino.com\/fr\/wp-json\/wp\/v2\/pages\/954\/revisions\/957"}],"wp:attachment":[{"href":"https:\/\/clinicadelpino.com\/fr\/wp-json\/wp\/v2\/media?parent=954"}],"curies":[{"name":"wp","href":"https:\/\/api.w.org\/{rel}","templated":true}]}}