{"id":954,"date":"2025-03-07T16:27:30","date_gmt":"2025-03-07T15:27:30","guid":{"rendered":"https:\/\/clinicadelpino.com\/?page_id=954"},"modified":"2025-03-07T16:30:01","modified_gmt":"2025-03-07T15:30:01","slug":"zuganglichkeit","status":"publish","type":"page","link":"https:\/\/clinicadelpino.com\/de\/zuganglichkeit\/","title":{"rendered":"Erreichbarkeit"},"content":{"rendered":"<div data-elementor-type=\"wp-page\" data-elementor-id=\"954\" class=\"elementor elementor-954\" data-elementor-post-type=\"page\">\n\t\t\t\t\t\t<section class=\"elementor-section elementor-top-section elementor-element elementor-element-aae2388 espinf espsup elementor-section-boxed elementor-section-height-default elementor-section-height-default\" data-id=\"aae2388\" data-element_type=\"section\" data-e-type=\"section\">\n\t\t\t\t\t\t<div class=\"elementor-container elementor-column-gap-default\">\n\t\t\t\t\t<div class=\"elementor-column elementor-col-100 elementor-top-column elementor-element elementor-element-ee8bab8\" data-id=\"ee8bab8\" data-element_type=\"column\" data-e-type=\"column\">\n\t\t\t<div class=\"elementor-widget-wrap elementor-element-populated\">\n\t\t\t\t\t\t<div class=\"elementor-element elementor-element-3a3f54f elementor-widget elementor-widget-heading\" data-id=\"3a3f54f\" data-element_type=\"widget\" data-e-type=\"widget\" data-widget_type=\"heading.default\">\n\t\t\t\t<div class=\"elementor-widget-container\">\n\t\t\t\t\t<h1 class=\"elementor-heading-title elementor-size-default\">ZUG\u00c4NGLICHKEIT<\/h1>\t\t\t\t<\/div>\n\t\t\t\t<\/div>\n\t\t\t\t<div class=\"elementor-element elementor-element-c4b3f62 elementor-widget__width-initial elementor-widget elementor-widget-text-editor\" data-id=\"c4b3f62\" data-element_type=\"widget\" data-e-type=\"widget\" data-widget_type=\"text-editor.default\">\n\t\t\t\t<div class=\"elementor-widget-container\">\n\t\t\t\t\t\t\t\t\t<p>DENTAL DEL PINO S verpflichtet sich, seine Website in \u00dcbereinstimmung mit der<strong>\u00a0<a href=\"http:\/\/www.boe.es\/diario_boe\/txt.php?id=BOE-A-2018-12699\" target=\"_blank\" rel=\"noreferrer noopener\">K\u00f6niglicher Erlass 1112\/2018 vom 7. September \u00fcber die Zug\u00e4nglichkeit von Websites und Anwendungen des \u00f6ffentlichen Sektors f\u00fcr mobile Ger\u00e4te.<\/a><\/strong><\/p><p>Diese Erkl\u00e4rung zur Zug\u00e4nglichkeit gilt f\u00fcr die Website https:\/\/clinicadelpino.com\/.<\/p><h4>Stand der Einhaltung<\/h4><p>Diese Website entspricht teilweise der RD 1112\/2018 aufgrund der Ausnahmen und der Nichteinhaltung der unten aufgef\u00fchrten Aspekte.<\/p><h4>Inhalt nicht zug\u00e4nglich<\/h4><p>Der nachstehende Inhalt ist aus den folgenden Gr\u00fcnden nicht zug\u00e4nglich:<\/p><h5>Nichteinhaltung des RD 1112\/2018<\/h5><p>Es kann einige Kontrastaspekte geben, die nicht dem geforderten Mindestkontrast von 3:1 in Bezug auf die angrenzenden Hintergrundfarben des betreffenden Webabschnitts entsprechen (9.1.4.11 Nichttextlicher Kontrast).<\/p><p>M\u00f6glicherweise sind einige nichttextliche Elemente nicht korrekt gekennzeichnet (9.2.5.3 Tag im Namen).<\/p><p>Es kann sein, dass einige Texte in einer anderen Sprache nicht richtig beschriftet sind (9.3.1.2 Sprache der Teile).<\/p><p>Auf einigen Webseiten k\u00f6nnen gelegentlich Fehler bei der Codebearbeitung auftreten (9.4.1.1 Verarbeitung).<\/p><p>Es kann Logos und Bilder mit falschem Alternativtext sowie Bilder ohne textliche Beschreibung geben (9.1.1.1 Nichttextlicher Inhalt).<\/p><p>Es kann Links geben, deren Funktion nicht korrekt angegeben ist (9.2.4.4 Zweck der Links).<\/p><p>Es kann Informationen oder Beziehungen geben, die nicht programmatisch ermittelt werden k\u00f6nnen oder im Text nicht verf\u00fcgbar sind (9.1.3.1 Informationen und Beziehungen).<\/p><p>Elemente ohne vollst\u00e4ndige Start- und\/oder End-Tags, Elemente mit doppelten Attributen oder ohne eindeutigen Bezeichner k\u00f6nnten in dem von Auszeichnungssprachen implementierten Inhalt vorhanden sein (9.4.1.1 Verarbeitung).<\/p><h5>Unverh\u00e4ltnism\u00e4\u00dfige Belastung<\/h5><p>Nicht anwendbar.<\/p><h5>Der Inhalt f\u00e4llt nicht in den Geltungsbereich der geltenden Rechtsvorschriften.<\/h5><p>Es kann vorkommen, dass Office-Dateien in PDF- oder anderen Formaten, die vor dem 20. September 2018 ver\u00f6ffentlicht wurden, nicht alle Anforderungen an die Barrierefreiheit erf\u00fcllen. Es wurden jedoch Anstrengungen unternommen, um sicherzustellen, dass die meisten von ihnen dies tun.<\/p><h5>Erstellung dieser Zug\u00e4nglichkeitserkl\u00e4rung<\/h5><p>Diese Erkl\u00e4rung wurde am 2. Dezember 2024 erstellt.<\/p><p>Die Methode zur Erstellung der Erkl\u00e4rung war eine Selbstbewertung, die von der Einrichtung selbst durchgef\u00fchrt wurde.<\/p><p>Letzte \u00dcberarbeitung der Erkl\u00e4rung: 2. Dezember 2024.<\/p><h5>Bemerkungen und Kontaktangaben<\/h5><p>Sie k\u00f6nnen Mitteilungen \u00fcber die Anforderungen an die Zug\u00e4nglichkeit (Artikel 10.2.a der RD 1112\/2018) \u00fcber das Kontaktformular auf dieser Website machen, das unter folgender Adresse verf\u00fcgbar ist: https:\/\/clinicadelpino.com\/contacto<\/p><p>Zum Beispiel:<\/p><ul class=\"wp-block-list\"><li>Meldung eines m\u00f6glichen Versto\u00dfes gegen die Vorschriften auf dieser Website.<\/li><li>Vermittlung anderer Schwierigkeiten beim Zugang zu Inhalten.<\/li><li>jede andere Anfrage oder jeden Verbesserungsvorschlag bez\u00fcglich der Zug\u00e4nglichkeit der Website zu machen.<\/li><\/ul><p>Sie k\u00f6nnen auch einreichen:<\/p><ul class=\"wp-block-list\"><li>Beschwerde \u00fcber die Einhaltung der Anforderungen des RD 1112\/2018 Antrag auf zug\u00e4ngliche Informationen in Bezug auf:<ul class=\"wp-block-list\"><li>Inhalte, die vom Anwendungsbereich der RD 1112\/2018 gem\u00e4\u00df Artikel 3 Absatz 4 ausgeschlossen sind.<\/li><li>Inhalte, die von den Zug\u00e4nglichkeitsanforderungen ausgenommen sind, weil sie eine unverh\u00e4ltnism\u00e4\u00dfige Belastung darstellen.<\/li><\/ul><\/li><\/ul><p>In dem Antrag auf Zugang zu Informationen m\u00fcssen der Sachverhalt, die Gr\u00fcnde und der Antrag klar dargelegt werden, um nachzuweisen, dass der Antrag angemessen und rechtm\u00e4\u00dfig ist.<\/p><p>Beschwerden und Reklamationen \u00fcber zug\u00e4ngliche Informationen sollten \u00fcber das Kontaktformular auf dieser Website unter folgender Adresse eingereicht werden: https:\/\/clinicadelpino.com\/contacto.<\/p><h5>Fakultativer Inhalt<\/h5><p>Diese Website ist responsiv gestaltet, so dass sie auf Ger\u00e4ten wie Tablets und mobilen Ger\u00e4ten korrekt angezeigt werden kann.<\/p><p>Au\u00dferdem soll es m\u00f6glich sein, die Gr\u00f6\u00dfe des Textes mit Hilfe der f\u00fcr diesen Zweck definierten Men\u00fcs je nach verwendetem Browser zu \u00e4ndern.\u00a0<\/p><p>Sie k\u00f6nnen auch die folgenden Tastaturk\u00fcrzel verwenden, indem Sie beide Tasten gleichzeitig dr\u00fccken:<\/p><ul class=\"wp-block-list\"><li>Ctrl + : Vergr\u00f6\u00dfern.<\/li><li>Ctrl - : Verringern.<\/li><li>Strg 0 : Originalgr\u00f6\u00dfe wiederherstellen.<\/li><\/ul><p>Wenn der Benutzer keine Maus hat, kann er sich auch mit der Tabulatortaste durch die verschiedenen Elemente der Seite bewegen, die er besucht.<\/p>\t\t\t\t\t\t\t\t<\/div>\n\t\t\t\t<\/div>\n\t\t\t\t\t<\/div>\n\t\t<\/div>\n\t\t\t\t\t<\/div>\n\t\t<\/section>\n\t\t\t\t<\/div>","protected":false},"excerpt":{"rendered":"<p>ACCESIBILIDAD DENTAL DEL PINO S se ha comprometido a hacer accesible su sitio web de conformidad con el\u00a0Real Decreto 1112\/2018, [&hellip;]<\/p>\n","protected":false},"author":1,"featured_media":0,"parent":0,"menu_order":0,"comment_status":"closed","ping_status":"closed","template":"","meta":{"site-sidebar-layout":"no-sidebar","site-content-layout":"","ast-site-content-layout":"full-width-container","site-content-style":"default","site-sidebar-style":"default","ast-global-header-display":"","ast-banner-title-visibility":"","ast-main-header-display":"","ast-hfb-above-header-display":"","ast-hfb-below-header-display":"","ast-hfb-mobile-header-display":"","site-post-title":"disabled","ast-breadcrumbs-content":"","ast-featured-img":"disabled","footer-sml-layout":"","ast-disable-related-posts":"","theme-transparent-header-meta":"","adv-header-id-meta":"","stick-header-meta":"","header-above-stick-meta":"","header-main-stick-meta":"","header-below-stick-meta":"","astra-migrate-meta-layouts":"default","ast-page-background-enabled":"default","ast-page-background-meta":{"desktop":{"background-color":"var(--ast-global-color-4)","background-image":"","background-repeat":"repeat","background-position":"center center","background-size":"auto","background-attachment":"scroll","background-type":"","background-media":"","overlay-type":"","overlay-color":"","overlay-opacity":"","overlay-gradient":""},"tablet":{"background-color":"","background-image":"","background-repeat":"repeat","background-position":"center center","background-size":"auto","background-attachment":"scroll","background-type":"","background-media":"","overlay-type":"","overlay-color":"","overlay-opacity":"","overlay-gradient":""},"mobile":{"background-color":"","background-image":"","background-repeat":"repeat","background-position":"center center","background-size":"auto","background-attachment":"scroll","background-type":"","background-media":"","overlay-type":"","overlay-color":"","overlay-opacity":"","overlay-gradient":""}},"ast-content-background-meta":{"desktop":{"background-color":"var(--ast-global-color-5)","background-image":"","background-repeat":"repeat","background-position":"center center","background-size":"auto","background-attachment":"scroll","background-type":"","background-media":"","overlay-type":"","overlay-color":"","overlay-opacity":"","overlay-gradient":""},"tablet":{"background-color":"var(--ast-global-color-5)","background-image":"","background-repeat":"repeat","background-position":"center center","background-size":"auto","background-attachment":"scroll","background-type":"","background-media":"","overlay-type":"","overlay-color":"","overlay-opacity":"","overlay-gradient":""},"mobile":{"background-color":"var(--ast-global-color-5)","background-image":"","background-repeat":"repeat","background-position":"center center","background-size":"auto","background-attachment":"scroll","background-type":"","background-media":"","overlay-type":"","overlay-color":"","overlay-opacity":"","overlay-gradient":""}},"_joinchat":[],"footnotes":""},"class_list":["post-954","page","type-page","status-publish","hentry"],"_links":{"self":[{"href":"https:\/\/clinicadelpino.com\/de\/wp-json\/wp\/v2\/pages\/954","targetHints":{"allow":["GET"]}}],"collection":[{"href":"https:\/\/clinicadelpino.com\/de\/wp-json\/wp\/v2\/pages"}],"about":[{"href":"https:\/\/clinicadelpino.com\/de\/wp-json\/wp\/v2\/types\/page"}],"author":[{"embeddable":true,"href":"https:\/\/clinicadelpino.com\/de\/wp-json\/wp\/v2\/users\/1"}],"replies":[{"embeddable":true,"href":"https:\/\/clinicadelpino.com\/de\/wp-json\/wp\/v2\/comments?post=954"}],"version-history":[{"count":3,"href":"https:\/\/clinicadelpino.com\/de\/wp-json\/wp\/v2\/pages\/954\/revisions"}],"predecessor-version":[{"id":957,"href":"https:\/\/clinicadelpino.com\/de\/wp-json\/wp\/v2\/pages\/954\/revisions\/957"}],"wp:attachment":[{"href":"https:\/\/clinicadelpino.com\/de\/wp-json\/wp\/v2\/media?parent=954"}],"curies":[{"name":"wp","href":"https:\/\/api.w.org\/{rel}","templated":true}]}}