{"id":23,"date":"2024-05-31T13:22:31","date_gmt":"2024-05-31T11:22:31","guid":{"rendered":"http:\/\/clinicadelpino.com\/?page_id=23"},"modified":"2025-02-12T13:45:15","modified_gmt":"2025-02-12T12:45:15","slug":"datenschutzpolitik","status":"publish","type":"page","link":"https:\/\/clinicadelpino.com\/de\/datenschutzpolitik\/","title":{"rendered":"Datenschutzbestimmungen"},"content":{"rendered":"<div data-elementor-type=\"wp-page\" data-elementor-id=\"23\" class=\"elementor elementor-23\" data-elementor-post-type=\"page\">\n\t\t\t\t\t\t<section class=\"elementor-section elementor-top-section elementor-element elementor-element-f856cd0 espinf espsup elementor-section-boxed elementor-section-height-default elementor-section-height-default\" data-id=\"f856cd0\" data-element_type=\"section\" data-e-type=\"section\" id=\"contenido\">\n\t\t\t\t\t\t<div class=\"elementor-container elementor-column-gap-default\">\n\t\t\t\t\t<div class=\"elementor-column elementor-col-100 elementor-top-column elementor-element elementor-element-2fbd849\" data-id=\"2fbd849\" data-element_type=\"column\" data-e-type=\"column\">\n\t\t\t<div class=\"elementor-widget-wrap elementor-element-populated\">\n\t\t\t\t\t\t<div class=\"elementor-element elementor-element-6e86b3b elementor-widget elementor-widget-heading\" data-id=\"6e86b3b\" data-element_type=\"widget\" data-e-type=\"widget\" data-widget_type=\"heading.default\">\n\t\t\t\t<div class=\"elementor-widget-container\">\n\t\t\t\t\t<h1 class=\"elementor-heading-title elementor-size-default\">DATENSCHUTZPOLITIK<\/h1>\t\t\t\t<\/div>\n\t\t\t\t<\/div>\n\t\t\t\t<div class=\"elementor-element elementor-element-aa5f412 elementor-widget elementor-widget-text-editor\" data-id=\"aa5f412\" data-element_type=\"widget\" data-e-type=\"widget\" data-widget_type=\"text-editor.default\">\n\t\t\t\t<div class=\"elementor-widget-container\">\n\t\t\t\t\t\t\t\t\t<p>Die vorliegende Datenschutzerkl\u00e4rung legt die Bedingungen fest, unter denen die Cl\u00ednica del Pino die von ihren Nutzern bei der Nutzung ihrer Website bereitgestellten Daten verwendet und sch\u00fctzt. Das Unternehmen verpflichtet sich, die Daten seiner Nutzer zu sch\u00fctzen. Wenn wir Sie bitten, uns pers\u00f6nliche Daten mitzuteilen, durch die Sie identifiziert werden k\u00f6nnen, tun wir dies in der Gewissheit, dass diese Daten nur in \u00dcbereinstimmung mit den Bedingungen dieses Dokuments verwendet werden. Diese Datenschutzrichtlinie kann sich jedoch im Laufe der Zeit \u00e4ndern oder aktualisiert werden, und wir empfehlen Ihnen, diese Seite immer wieder zu lesen, um sicherzustellen, dass Sie mit allen \u00c4nderungen einverstanden sind.<\/p><h2>Informationen, die gesammelt werden<\/h2><p>Auf unserer Website k\u00f6nnen pers\u00f6nliche Daten wie Name, Kontaktinformationen wie Ihre E-Mail-Adresse und demografische Informationen erfasst werden. Wenn n\u00f6tig, k\u00f6nnen auch spezifische Informationen erforderlich sein, um eine Bestellung zu bearbeiten oder eine Lieferung oder Rechnung zu erstellen.<\/p><h2>Verwendung der gesammelten Informationen<\/h2><p>Unsere Website verwendet die Informationen, um Ihnen den bestm\u00f6glichen Service zu bieten, insbesondere um die Nutzer zu verfolgen, gegebenenfalls Bestellungen zu verfolgen und unsere Produkte und Dienstleistungen zu verbessern. Es kann sein, dass wir \u00fcber unsere Website regelm\u00e4\u00dfig E-Mails mit Sonderangeboten, neuen Produkten und anderen Marketinginformationen versenden, von denen wir glauben, dass sie f\u00fcr Sie relevant oder von Nutzen sein k\u00f6nnten. Diese E-Mails werden an die von Ihnen angegebene Adresse gesendet und k\u00f6nnen jederzeit abbestellt werden.<\/p><p>Die Cl\u00ednica del Pino setzt sich sehr daf\u00fcr ein, die Sicherheit Ihrer Daten zu gew\u00e4hrleisten. Wir verwenden die fortschrittlichsten Systeme und aktualisieren sie st\u00e4ndig, um sicherzustellen, dass kein unbefugter Zugriff m\u00f6glich ist.<\/p><h2>Cookies<\/h2><p>Ein Cookie ist eine Datei, die mit der Bitte um Erlaubnis, auf Ihrem Computer gespeichert zu werden, verschickt wird. Wenn Sie zustimmen, wird diese Datei erstellt, und der Cookie wird dann verwendet, um Informationen \u00fcber den Webverkehr zu erhalten, und erleichtert auch zuk\u00fcnftige Besuche auf einer wiederkehrenden Website. Eine weitere Funktion, die Cookies haben, ist, dass das Web Sie individuell erkennen kann und Ihnen somit den besten personalisierten Service auf ihrer Website bieten kann.<\/p><p>Unsere Website verwendet Cookies, um feststellen zu k\u00f6nnen, welche Seiten besucht werden und wie h\u00e4ufig dies geschieht. Diese Informationen werden nur f\u00fcr statistische Analysen verwendet und anschlie\u00dfend dauerhaft gel\u00f6scht. Sie k\u00f6nnen Cookies jederzeit von Ihrem Computer l\u00f6schen. Cookies tragen jedoch dazu bei, den Service von Websites zu verbessern. Sie geben keinen Zugang zu Informationen \u00fcber Ihren Computer oder Sie selbst, es sei denn, Sie geben diese direkt an. Sie k\u00f6nnen die Verwendung von Cookies akzeptieren oder ablehnen, aber die meisten Browser akzeptieren Cookies automatisch, um einen besseren Web-Service zu bieten. Sie k\u00f6nnen auch die Einstellungen Ihres Computers \u00e4ndern, um Cookies abzulehnen. Wenn Sie Cookies ablehnen, k\u00f6nnen Sie m\u00f6glicherweise einige unserer Dienste nicht nutzen.<\/p><h2>Links zu Drittparteien<\/h2><p>Diese Website kann Links zu anderen Websites enthalten, die f\u00fcr Sie von Interesse sein k\u00f6nnen. Sobald Sie auf diese Links klicken und unsere Website verlassen, haben wir keine Kontrolle mehr \u00fcber die Website, zu der Sie weitergeleitet werden, und sind daher nicht f\u00fcr die Bedingungen oder die Datenschutzpraktiken dieser anderen Websites verantwortlich. Diese Websites unterliegen ihren eigenen Datenschutzrichtlinien und Sie sollten diese \u00fcberpr\u00fcfen, um sicherzustellen, dass Sie mit ihnen einverstanden sind.<\/p><h2>Kontrolle Ihrer pers\u00f6nlichen Daten<\/h2><p>Sie haben jederzeit die M\u00f6glichkeit, die Erfassung oder Verwendung von pers\u00f6nlichen Daten, die Sie auf unserer Website angeben, einzuschr\u00e4nken. Immer wenn Sie aufgefordert werden, ein Formular auszuf\u00fcllen, z. B. ein Anmeldeformular, k\u00f6nnen Sie die Option zum Erhalt von Informationen per E-Mail ankreuzen oder abw\u00e4hlen. Falls Sie die Option zum Erhalt unseres Newsletters oder unserer Werbung angekreuzt haben, k\u00f6nnen Sie diese jederzeit wieder abw\u00e4hlen.<\/p><p>Dieses Unternehmen wird die gesammelten pers\u00f6nlichen Daten nicht ohne Ihre Zustimmung verkaufen, weitergeben oder verbreiten, es sei denn, es wird von einem Richter per Gerichtsbeschluss dazu gezwungen.<\/p><p>Die Cl\u00ednica del Pino beh\u00e4lt sich das Recht vor, die Bestimmungen dieser Datenschutzrichtlinie jederzeit zu \u00e4ndern.<\/p>\t\t\t\t\t\t\t\t<\/div>\n\t\t\t\t<\/div>\n\t\t\t\t\t<\/div>\n\t\t<\/div>\n\t\t\t\t\t<\/div>\n\t\t<\/section>\n\t\t\t\t<\/div>","protected":false},"excerpt":{"rendered":"<p>POL\u00cdTICA DE PRIVACIDAD En la presente Pol\u00edtica de Privacidad establece los t\u00e9rminos en que Cl\u00ednica del Pino usa y protege [&hellip;]<\/p>\n","protected":false},"author":1,"featured_media":0,"parent":0,"menu_order":0,"comment_status":"closed","ping_status":"closed","template":"elementor_header_footer","meta":{"site-sidebar-layout":"no-sidebar","site-content-layout":"","ast-site-content-layout":"full-width-container","site-content-style":"default","site-sidebar-style":"default","ast-global-header-display":"","ast-banner-title-visibility":"","ast-main-header-display":"","ast-hfb-above-header-display":"","ast-hfb-below-header-display":"","ast-hfb-mobile-header-display":"","site-post-title":"disabled","ast-breadcrumbs-content":"","ast-featured-img":"disabled","footer-sml-layout":"","ast-disable-related-posts":"","theme-transparent-header-meta":"","adv-header-id-meta":"","stick-header-meta":"","header-above-stick-meta":"","header-main-stick-meta":"","header-below-stick-meta":"","astra-migrate-meta-layouts":"default","ast-page-background-enabled":"default","ast-page-background-meta":{"desktop":{"background-color":"var(--ast-global-color-4)","background-image":"","background-repeat":"repeat","background-position":"center center","background-size":"auto","background-attachment":"scroll","background-type":"","background-media":"","overlay-type":"","overlay-color":"","overlay-opacity":"","overlay-gradient":""},"tablet":{"background-color":"","background-image":"","background-repeat":"repeat","background-position":"center center","background-size":"auto","background-attachment":"scroll","background-type":"","background-media":"","overlay-type":"","overlay-color":"","overlay-opacity":"","overlay-gradient":""},"mobile":{"background-color":"","background-image":"","background-repeat":"repeat","background-position":"center center","background-size":"auto","background-attachment":"scroll","background-type":"","background-media":"","overlay-type":"","overlay-color":"","overlay-opacity":"","overlay-gradient":""}},"ast-content-background-meta":{"desktop":{"background-color":"var(--ast-global-color-5)","background-image":"","background-repeat":"repeat","background-position":"center center","background-size":"auto","background-attachment":"scroll","background-type":"","background-media":"","overlay-type":"","overlay-color":"","overlay-opacity":"","overlay-gradient":""},"tablet":{"background-color":"var(--ast-global-color-5)","background-image":"","background-repeat":"repeat","background-position":"center center","background-size":"auto","background-attachment":"scroll","background-type":"","background-media":"","overlay-type":"","overlay-color":"","overlay-opacity":"","overlay-gradient":""},"mobile":{"background-color":"var(--ast-global-color-5)","background-image":"","background-repeat":"repeat","background-position":"center center","background-size":"auto","background-attachment":"scroll","background-type":"","background-media":"","overlay-type":"","overlay-color":"","overlay-opacity":"","overlay-gradient":""}},"_joinchat":[],"footnotes":""},"class_list":["post-23","page","type-page","status-publish","hentry"],"_links":{"self":[{"href":"https:\/\/clinicadelpino.com\/de\/wp-json\/wp\/v2\/pages\/23","targetHints":{"allow":["GET"]}}],"collection":[{"href":"https:\/\/clinicadelpino.com\/de\/wp-json\/wp\/v2\/pages"}],"about":[{"href":"https:\/\/clinicadelpino.com\/de\/wp-json\/wp\/v2\/types\/page"}],"author":[{"embeddable":true,"href":"https:\/\/clinicadelpino.com\/de\/wp-json\/wp\/v2\/users\/1"}],"replies":[{"embeddable":true,"href":"https:\/\/clinicadelpino.com\/de\/wp-json\/wp\/v2\/comments?post=23"}],"version-history":[{"count":0,"href":"https:\/\/clinicadelpino.com\/de\/wp-json\/wp\/v2\/pages\/23\/revisions"}],"wp:attachment":[{"href":"https:\/\/clinicadelpino.com\/de\/wp-json\/wp\/v2\/media?parent=23"}],"curies":[{"name":"wp","href":"https:\/\/api.w.org\/{rel}","templated":true}]}}