{"id":21,"date":"2024-05-31T13:21:56","date_gmt":"2024-05-31T11:21:56","guid":{"rendered":"http:\/\/clinicadelpino.com\/?page_id=21"},"modified":"2025-03-07T16:26:21","modified_gmt":"2025-03-07T15:26:21","slug":"rechtshinweis","status":"publish","type":"page","link":"https:\/\/clinicadelpino.com\/de\/rechtshinweis\/","title":{"rendered":"Rechtlicher Hinweis"},"content":{"rendered":"<div data-elementor-type=\"wp-page\" data-elementor-id=\"21\" class=\"elementor elementor-21\" data-elementor-post-type=\"page\">\n\t\t\t\t\t\t<section class=\"elementor-section elementor-top-section elementor-element elementor-element-f11f176 espinf espsup elementor-section-boxed elementor-section-height-default elementor-section-height-default\" data-id=\"f11f176\" data-element_type=\"section\" data-e-type=\"section\" id=\"contenido\">\n\t\t\t\t\t\t<div class=\"elementor-container elementor-column-gap-default\">\n\t\t\t\t\t<div class=\"elementor-column elementor-col-100 elementor-top-column elementor-element elementor-element-05242fa\" data-id=\"05242fa\" data-element_type=\"column\" data-e-type=\"column\">\n\t\t\t<div class=\"elementor-widget-wrap elementor-element-populated\">\n\t\t\t\t\t\t<div class=\"elementor-element elementor-element-fe6ba01 elementor-widget elementor-widget-heading\" data-id=\"fe6ba01\" data-element_type=\"widget\" data-e-type=\"widget\" data-widget_type=\"heading.default\">\n\t\t\t\t<div class=\"elementor-widget-container\">\n\t\t\t\t\t<h1 class=\"elementor-heading-title elementor-size-default\">RECHTLICHER HINWEIS<\/h1>\t\t\t\t<\/div>\n\t\t\t\t<\/div>\n\t\t\t\t<div class=\"elementor-element elementor-element-373dd99 elementor-widget elementor-widget-text-editor\" data-id=\"373dd99\" data-element_type=\"widget\" data-e-type=\"widget\" data-widget_type=\"text-editor.default\">\n\t\t\t\t<div class=\"elementor-widget-container\">\n\t\t\t\t\t\t\t\t\t<ol><li><strong>IDENTIFIKATIONSDATEN:<\/strong><\/li><\/ol><p>In Erf\u00fcllung der Informationspflicht gem\u00e4\u00df Artikel 10 des Gesetzes 34\/2002 vom 11. Juli \u00fcber die Dienste der Informationsgesellschaft und den elektronischen Handel (LSSICE) informiert Sie der EIGENT\u00dcMER DER WEBSITE \u00fcber Folgendes:<\/p><p>Name des Unternehmens: DENTAL DEL PINO SL<\/p><p>MEHRWERTSTEUER-NR.: B42643197<\/p><p>Firmensitz: Avenida de Ifach, 14, 2\u00aaA, Calpe (Alicante)<\/p><p>T\u00e4tigkeit: Zahnklinik<\/p><p>Telefon: 96 583 1858<\/p><p>E-Mail: info@clinicadelpino.com<\/p><p>Bereichsname: clinicadelpino.com<\/p><p>Registrierung der Verarbeitung gem\u00e4\u00df GDPR: Partner\/Lieferanten, Mailing-Listen, Partner\/Mitarbeiter, Personalbeschaffung und Web-Nutzer<\/p><p><strong>Administrative Genehmigung:<\/strong>\u00a0NRS 47-C251-0331<\/p><p><strong>Registrierte \u00c4rzte:<\/strong>\u00a0Alberto Garc\u00eda 47001461<\/p><ol start=\"2\"><li><strong>NUTZUNG DES PORTALS:<\/strong><\/li><\/ol><p>Die Website und ihre Dienste sind frei und offen zug\u00e4nglich, jedoch muss der Nutzer das entsprechende Formular ausf\u00fcllen, um einige der vom EIGENT\u00dcMER DER WEBSITE angebotenen Dienste in Anspruch nehmen zu k\u00f6nnen. Wenn die erforderlichen Daten nicht oder nicht korrekt angegeben werden, k\u00f6nnen die Anfragen nicht bearbeitet werden, unbeschadet der Tatsache, dass Sie den Inhalt der Website frei einsehen k\u00f6nnen.<\/p><ol start=\"3\"><li><strong>BENUTZER:<\/strong><\/li><\/ol><p>Der Zugang und\/oder die Nutzung dieses Portals setzt voraus, dass der BENUTZER mit dem Zugang und\/oder der Nutzung die hier wiedergegebenen Allgemeinen Nutzungsbedingungen akzeptiert. Die vorgenannten Bedingungen gelten unabh\u00e4ngig von den Allgemeinen Vertragsbedingungen, die ggf. obligatorisch sind. Der BENUTZER:<\/p><ul><li>Sie garantieren, dass Sie die Dritten, von denen Sie Ihre Daten zur Verf\u00fcgung stellen, wenn Sie dies tun, \u00fcber die in diesem Dokument enthaltenen Aspekte informiert haben. Ebenso garantieren Sie, dass Sie deren Erlaubnis erhalten haben, dem WEBSITE-BESITZER ihre Daten zu den oben genannten Zwecken zur Verf\u00fcgung zu stellen.<\/li><li>Sie haften f\u00fcr alle falschen oder ungenauen Informationen, die Sie \u00fcber die Website zur Verf\u00fcgung stellen, und f\u00fcr alle direkten oder indirekten Sch\u00e4den, die dies dem WEBSITE-BESITZER oder Dritten zuf\u00fcgen kann.<\/li><\/ul><div>\u00a0<\/div><ol start=\"4\"><li><strong>GEISTIGES UND GEWERBLICHES EIGENTUM:<\/strong><\/li><\/ol><p>Der EIGENT\u00dcMER DER WEBSITE selbst oder als Bevollm\u00e4chtigter ist Eigent\u00fcmer aller geistigen und gewerblichen Eigentumsrechte seiner Website sowie der darin enthaltenen Elemente (einschlie\u00dflich, aber nicht beschr\u00e4nkt auf Bilder, Ton, Audio, Video, Software oder Texte; Marken oder Logos, Farbkombinationen, Struktur und Design, Auswahl der verwendeten Materialien, Computerprogramme, die f\u00fcr den Betrieb, den Zugang und die Nutzung erforderlich sind, usw.), die dem EIGENT\u00dcMER DER WEBSITE oder seinen Lizenzgebern geh\u00f6ren. Alle Rechte vorbehalten. Gem\u00e4\u00df den Bestimmungen der Artikel 8 und 32.1, zweiter Absatz, des Gesetzes \u00fcber geistiges Eigentum sind die Vervielf\u00e4ltigung, die Verbreitung und die \u00f6ffentliche Bekanntmachung, einschlie\u00dflich der Zurverf\u00fcgungstellung, des gesamten oder eines Teils des Inhalts dieser Website zu kommerziellen Zwecken, in jedem Medium und mit jedem technischen Mittel, ohne die Genehmigung des Eigent\u00fcmers der Website ausdr\u00fccklich verboten. Der BENUTZER verpflichtet sich, die Rechte an geistigem und gewerblichem Eigentum zu respektieren, die dem EIGENT\u00dcMER DER WEBSITE geh\u00f6ren. Der BENUTZER darf die Elemente des Portals ansehen und sogar ausdrucken, kopieren und auf der Festplatte seines Computers oder einem anderen physischen Medium speichern, solange dies ausschlie\u00dflich f\u00fcr seinen pers\u00f6nlichen und privaten Gebrauch geschieht. Der BENUTZER unterl\u00e4sst es, die auf den Seiten des WEBSITE-BESITZERS installierten Schutzvorrichtungen oder Sicherheitssysteme zu l\u00f6schen, zu ver\u00e4ndern, zu umgehen oder zu manipulieren.<\/p><ol start=\"5\"><li><strong>AUSSCHLUSS VON GEW\u00c4HRLEISTUNG UND HAFTUNG:<\/strong><\/li><\/ol><p>Der EIGENT\u00dcMER DER WEBSITE ist unter keinen Umst\u00e4nden verantwortlich f\u00fcr Sch\u00e4den jeglicher Art, die verursachen k\u00f6nnen, aber nicht beschr\u00e4nkt auf: Fehler oder Auslassungen im Inhalt, mangelnde Verf\u00fcgbarkeit des Portals oder die \u00dcbertragung von Viren oder b\u00f6sartige oder sch\u00e4dliche Programme in den Inhalt, trotz der alle notwendigen technischen Ma\u00dfnahmen ergriffen haben, um es zu verhindern.<\/p><ol start=\"6\"><li><strong>VER\u00c4NDERUNGEN:<\/strong><\/li><\/ol><p>Der EIGENT\u00dcMER DER WEBSITE beh\u00e4lt sich das Recht vor, unangek\u00fcndigte \u00c4nderungen in seinem Portal vorzunehmen, die er f\u00fcr angemessen h\u00e4lt, und kann Inhalte und Dienste, die \u00fcber dasselbe angeboten werden, \u00e4ndern, l\u00f6schen oder hinzuf\u00fcgen, ebenso wie die Art und Weise, in der sie auf seinem Portal pr\u00e4sentiert oder lokalisiert werden.<\/p><ol start=\"7\"><li><strong>LINKS:<\/strong><\/li><\/ol><p>F\u00fcr den Fall, dass das Portal Links oder Hyperlinks zu anderen Internetseiten enth\u00e4lt, \u00fcbt der WEBSITE-BESITZER keine Kontrolle \u00fcber diese Seiten und Inhalte aus. Unter keinen Umst\u00e4nden \u00fcbernimmt der WEBSITE-BESITZER irgendeine Verantwortung f\u00fcr den Inhalt eines Links, der zu einer externen Website geh\u00f6rt, noch garantiert er die technische Verf\u00fcgbarkeit, die Qualit\u00e4t, die Zuverl\u00e4ssigkeit, die Genauigkeit, die Vollst\u00e4ndigkeit, die Richtigkeit, die G\u00fcltigkeit und die Verfassungsm\u00e4\u00dfigkeit des Materials oder der Informationen, die in solchen Hyperlinks oder anderen Internet-Sites enthalten sind. Ebenso wenig bedeutet die Aufnahme dieser externen Verbindungen irgendeine Art von Assoziation, Fusion oder Beteiligung mit den verbundenen Einrichtungen.<\/p><ol start=\"8\"><li><strong>DAS RECHT AUF AUSSCHLUSS:<\/strong><\/li><\/ol><p>Der WEBSITE-BESITZER beh\u00e4lt sich das Recht vor, den Zugang zum Portal und\/oder zu den angebotenen Diensten ohne vorherige Ank\u00fcndigung zu verweigern oder zu entziehen, und zwar auf eigenen Wunsch oder auf Wunsch eines Dritten, f\u00fcr diejenigen Nutzer, die die vorliegenden Allgemeinen Nutzungsbedingungen nicht einhalten.<\/p><ol start=\"9\"><li><strong>ALLGEMEINES:<\/strong><\/li><\/ol><p>Der EIGENT\u00dcMER DER WEBSITE wird die Verletzung dieser Bedingungen sowie jede missbr\u00e4uchliche Nutzung seines Portals verfolgen, indem er alle zivil- und strafrechtlichen Ma\u00dfnahmen ergreift, die ihm vom Gesetz her entsprechen k\u00f6nnen.<\/p><ol start=\"10\"><li><strong>DIE \u00c4NDERUNG DIESER BEDINGUNGEN UND DER DAUER:<\/strong><\/li><\/ol><p>Der EIGENT\u00dcMER DER WEBSITE kann jederzeit die hier festgelegten Bedingungen \u00e4ndern, die ordnungsgem\u00e4\u00df ver\u00f6ffentlicht werden, wie sie hier erscheinen. Die G\u00fcltigkeit der vorgenannten Bedingungen wird auf ihre Exposition abh\u00e4ngen und wird in Kraft sein, bis sie durch andere ordnungsgem\u00e4\u00df ver\u00f6ffentlicht ge\u00e4ndert werden.<\/p>\t\t\t\t\t\t\t\t<\/div>\n\t\t\t\t<\/div>\n\t\t\t\t\t<\/div>\n\t\t<\/div>\n\t\t\t\t\t<\/div>\n\t\t<\/section>\n\t\t\t\t<\/div>","protected":false},"excerpt":{"rendered":"<p>AVISO LEGAL DATOS IDENTIFICATIVOS: En cumplimiento con el deber de informaci\u00f3n recogido en art\u00edculo 10 de la Ley 34\/2002, de [&hellip;]<\/p>\n","protected":false},"author":1,"featured_media":0,"parent":0,"menu_order":0,"comment_status":"closed","ping_status":"closed","template":"","meta":{"site-sidebar-layout":"no-sidebar","site-content-layout":"","ast-site-content-layout":"full-width-container","site-content-style":"default","site-sidebar-style":"default","ast-global-header-display":"","ast-banner-title-visibility":"","ast-main-header-display":"","ast-hfb-above-header-display":"","ast-hfb-below-header-display":"","ast-hfb-mobile-header-display":"","site-post-title":"disabled","ast-breadcrumbs-content":"","ast-featured-img":"disabled","footer-sml-layout":"","ast-disable-related-posts":"","theme-transparent-header-meta":"","adv-header-id-meta":"","stick-header-meta":"","header-above-stick-meta":"","header-main-stick-meta":"","header-below-stick-meta":"","astra-migrate-meta-layouts":"default","ast-page-background-enabled":"default","ast-page-background-meta":{"desktop":{"background-color":"var(--ast-global-color-4)","background-image":"","background-repeat":"repeat","background-position":"center center","background-size":"auto","background-attachment":"scroll","background-type":"","background-media":"","overlay-type":"","overlay-color":"","overlay-opacity":"","overlay-gradient":""},"tablet":{"background-color":"","background-image":"","background-repeat":"repeat","background-position":"center center","background-size":"auto","background-attachment":"scroll","background-type":"","background-media":"","overlay-type":"","overlay-color":"","overlay-opacity":"","overlay-gradient":""},"mobile":{"background-color":"","background-image":"","background-repeat":"repeat","background-position":"center center","background-size":"auto","background-attachment":"scroll","background-type":"","background-media":"","overlay-type":"","overlay-color":"","overlay-opacity":"","overlay-gradient":""}},"ast-content-background-meta":{"desktop":{"background-color":"var(--ast-global-color-5)","background-image":"","background-repeat":"repeat","background-position":"center center","background-size":"auto","background-attachment":"scroll","background-type":"","background-media":"","overlay-type":"","overlay-color":"","overlay-opacity":"","overlay-gradient":""},"tablet":{"background-color":"var(--ast-global-color-5)","background-image":"","background-repeat":"repeat","background-position":"center center","background-size":"auto","background-attachment":"scroll","background-type":"","background-media":"","overlay-type":"","overlay-color":"","overlay-opacity":"","overlay-gradient":""},"mobile":{"background-color":"var(--ast-global-color-5)","background-image":"","background-repeat":"repeat","background-position":"center center","background-size":"auto","background-attachment":"scroll","background-type":"","background-media":"","overlay-type":"","overlay-color":"","overlay-opacity":"","overlay-gradient":""}},"_joinchat":[],"footnotes":""},"class_list":["post-21","page","type-page","status-publish","hentry"],"_links":{"self":[{"href":"https:\/\/clinicadelpino.com\/de\/wp-json\/wp\/v2\/pages\/21","targetHints":{"allow":["GET"]}}],"collection":[{"href":"https:\/\/clinicadelpino.com\/de\/wp-json\/wp\/v2\/pages"}],"about":[{"href":"https:\/\/clinicadelpino.com\/de\/wp-json\/wp\/v2\/types\/page"}],"author":[{"embeddable":true,"href":"https:\/\/clinicadelpino.com\/de\/wp-json\/wp\/v2\/users\/1"}],"replies":[{"embeddable":true,"href":"https:\/\/clinicadelpino.com\/de\/wp-json\/wp\/v2\/comments?post=21"}],"version-history":[{"count":3,"href":"https:\/\/clinicadelpino.com\/de\/wp-json\/wp\/v2\/pages\/21\/revisions"}],"predecessor-version":[{"id":953,"href":"https:\/\/clinicadelpino.com\/de\/wp-json\/wp\/v2\/pages\/21\/revisions\/953"}],"wp:attachment":[{"href":"https:\/\/clinicadelpino.com\/de\/wp-json\/wp\/v2\/media?parent=21"}],"curies":[{"name":"wp","href":"https:\/\/api.w.org\/{rel}","templated":true}]}}